{"id":388,"date":"2025-04-23T16:22:20","date_gmt":"2025-04-23T14:22:20","guid":{"rendered":"https:\/\/shop.deinescheibe.de\/p73\/12104407\/?post_type=product&#038;p=388"},"modified":"2025-04-23T16:31:00","modified_gmt":"2025-04-23T14:31:00","slug":"emblemata-sonantes","status":"publish","type":"product","link":"https:\/\/shop.arthouse.community\/index.php\/produkt\/emblemata-sonantes\/","title":{"rendered":"emblemata sonantes."},"content":{"rendered":"<p>\u0100RT HOUSE 17<br \/>\nKlaus Lang<\/p>\n<p>Sopran &#038; Triangel | Peyee Chen | Soprano &#038; Triangle<br \/>\nVioline &#038; Viola d\u2019Amore | Barbara Konrad | Violin &#038; Viola d\u2019amore<br \/>\nBassgambe &#038; Diskantgambe | Georg Kroneis | Bass Viol &#038; Treble Viol<br \/>\nBlockfl\u00f6ten &#038; Cembalo | Michael Hell | Recorders &#038; Harpsichord<br \/>\nOrgel &#038; Komposition | Klaus Lang | Organ &#038; Composition<\/p>\n<p>Aufnahmeleitung &#038; Ton | Johann Steinecker STUDIOWORKS | Recording &#038; Sound Director<br \/>\nSchnitt &#038; Mastering | Johann Steinecker STUDIOWORKS | Editing &#038; Mastering<br \/>\nHistorische Beratung | Barbara Kaiser | Historical Consulting<br \/>\nDramaturgie | Thomas H\u00f6ft | Dramaturgy<br \/>\nProduktionsleitung | Georg Kroneis | Head of Production<\/p>\n<p>Aufnahme im Februar 2025 | Schloss Eggenberg | Recording in February 2025<\/p>\n<p>Titelbild: Emblem Formosa superne, Deckenbild, Schloss Eggenberg<br \/>\nPhoto: \u00a9 Universalmuseum Joanneum | Lackner<br \/>\nCover picture: Emblem Formosa superne, ceiling painting, Schloss Eggenberg<\/p>\n<p>Text: Deutsch &#038; English<\/p>\n<p>emblemata sonantes.<br \/>\nProud Peacock Records \u00a9\u2117 2025 ppr02<br \/>\nwww.arthouse.community<\/p>\n<table>\n<thead>\n<tr>\n<th>#<\/th>\n<th>H\u00f6rproben<\/th>\n<\/tr>\n<\/thead>\n<tbody>\n<tr>\n<td>1<\/td>\n<td>praeludium emblematum.<br \/><audio src=\"https:\/\/shop.deinescheibe.de\/p73\/12104407\/wp-content\/themes\/dsstore\/assets\/audio\/emblemata\/01_praeludium_emblematum.mp3\" controls=\"controls\"><\/audio><\/td>\n<\/tr>\n<tr>\n<td>2<\/td>\n<td>emblemata sonantes. I<br \/><audio src=\"https:\/\/shop.deinescheibe.de\/p73\/12104407\/wp-content\/themes\/dsstore\/assets\/audio\/emblemata\/02_emblemata_sonantes_I.mp3\" controls=\"controls\"><\/audio><\/td>\n<\/tr>\n<tr>\n<td>3<\/td>\n<td>emblemata sonantes. II<br \/><audio src=\"https:\/\/shop.deinescheibe.de\/p73\/12104407\/wp-content\/themes\/dsstore\/assets\/audio\/emblemata\/03_emblemata_sonantes_II.mp3\" controls=\"controls\"><\/audio><\/td>\n<\/tr>\n<tr>\n<td>4<\/td>\n<td>emblemata sonantes. III<br \/><audio src=\"https:\/\/shop.deinescheibe.de\/p73\/12104407\/wp-content\/themes\/dsstore\/assets\/audio\/emblemata\/04_emblemata_sonantes_III.mp3\" controls=\"controls\"><\/audio><\/td>\n<\/tr>\n<tr>\n<td>5<\/td>\n<td>emblemata sonantes. IIII<br \/><audio src=\"https:\/\/shop.deinescheibe.de\/p73\/12104407\/wp-content\/themes\/dsstore\/assets\/audio\/emblemata\/05_emblemata_sonantes_IIII.mp3\" controls=\"controls\"><\/audio><\/td>\n<\/tr>\n<tr>\n<td>6<\/td>\n<td>interludium ultra tempus.<br \/><audio src=\"https:\/\/shop.deinescheibe.de\/p73\/12104407\/wp-content\/themes\/dsstore\/assets\/audio\/emblemata\/06_interludium_ultra_tempus.mp3\" controls=\"controls\"><\/audio><\/td>\n<\/tr>\n<tr>\n<td>7<\/td>\n<td>continuatio emblematum.<br \/><audio src=\"https:\/\/shop.deinescheibe.de\/p73\/12104407\/wp-content\/themes\/dsstore\/assets\/audio\/emblemata\/07_continuatio_emblematum.mp3\" controls=\"controls\"><\/audio><\/td>\n<\/tr>\n<tr>\n<td>8<\/td>\n<td>postludium emblematum.<br \/><audio src=\"https:\/\/shop.deinescheibe.de\/p73\/12104407\/wp-content\/themes\/dsstore\/assets\/audio\/emblemata\/08_postludium_emblematum.mp3\" controls=\"controls\"><\/audio><\/td>\n<\/tr>\n<tr>\n<td>9<\/td>\n<td>I \u2013 volentes trahimur.<br \/><audio src=\"https:\/\/shop.deinescheibe.de\/p73\/12104407\/wp-content\/themes\/dsstore\/assets\/audio\/emblemata\/09_I_-_volentes_trahimur.mp3\" controls=\"controls\"><\/audio><\/td>\n<\/tr>\n<tr>\n<td>10<\/td>\n<td>II \u2013 onus meum leve.<br \/><audio src=\"https:\/\/shop.deinescheibe.de\/p73\/12104407\/wp-content\/themes\/dsstore\/assets\/audio\/emblemata\/10_II_-_onus_meum_leve.mp3\" controls=\"controls\"><\/audio><\/td>\n<\/tr>\n<tr>\n<td>11<\/td>\n<td>III \u2013 excaecat candor.<br \/><audio src=\"https:\/\/shop.deinescheibe.de\/p73\/12104407\/wp-content\/themes\/dsstore\/assets\/audio\/emblemata\/11_III_-_excaecat_candor.mp3\" controls=\"controls\"><\/audio><\/td>\n<\/tr>\n<tr>\n<td>12<\/td>\n<td>IIII \u2013 ex pulsu noscitur.<br \/><audio src=\"https:\/\/shop.deinescheibe.de\/p73\/12104407\/wp-content\/themes\/dsstore\/assets\/audio\/emblemata\/12_IIII_-_ex_pulsu_noscitur.mp3\" controls=\"controls\"><\/audio><\/td>\n<\/tr>\n<tr>\n<td>13<\/td>\n<td>V \u2013 robur et decus.<br \/><audio src=\"https:\/\/shop.deinescheibe.de\/p73\/12104407\/wp-content\/themes\/dsstore\/assets\/audio\/emblemata\/13_V_-_robur_et_decus.mp3\" controls=\"controls\"><\/audio><\/td>\n<\/tr>\n<tr>\n<td>14<\/td>\n<td>VI \u2013 quae tribuunt tribuit.<br \/><audio src=\"https:\/\/shop.deinescheibe.de\/p73\/12104407\/wp-content\/themes\/dsstore\/assets\/audio\/emblemata\/14_VI_-_quae_tribuunt_tribuit.mp3\" controls=\"controls\"><\/audio><\/td>\n<\/tr>\n<tr>\n<td>15<\/td>\n<td>VII \u2013 formosa superne.<br \/><audio src=\"https:\/\/shop.deinescheibe.de\/p73\/12104407\/wp-content\/themes\/dsstore\/assets\/audio\/emblemata\/15_VII_-_formosa_superne.mp3\" controls=\"controls\"><\/audio><\/td>\n<\/tr>\n<tr>\n<td>16<\/td>\n<td>VIII \u2013 maiora minoribus consonant.<br \/><audio src=\"https:\/\/shop.deinescheibe.de\/p73\/12104407\/wp-content\/themes\/dsstore\/assets\/audio\/emblemata\/16_VIII_-_maiora_minoribus_consonant.mp3\" controls=\"controls\"><\/audio><\/td>\n<\/tr>\n<tr>\n<td>17<\/td>\n<td>IX \u2013 laedor ut sanem.<br \/><audio src=\"https:\/\/shop.deinescheibe.de\/p73\/12104407\/wp-content\/themes\/dsstore\/assets\/audio\/emblemata\/17_IX_-_laedor_ut_sanem.mp3\" controls=\"controls\"><\/audio><\/td>\n<\/tr>\n<\/tbody>\n<\/table>\n","protected":false},"excerpt":{"rendered":"<p>In emblemata sonantes. bezieht sich Komponist Klaus Lang auf die harmonikal-symbolistische Architektur von Schloss Eggenberg in Graz. In 365 Takten durchschreitet die Musik die Prunketage des Geb\u00e4udes. Dazu erklingen neun Embleme: kurze lateinische Sinnspr\u00fcche, die zusammen mit Bildsymbolen und deren moralisierenden Botschaften auf den Deckengem\u00e4lden im Schloss zu finden sind. Klaus Lang verwendet dazu ein historisches Instrumentarium, unter anderem mit Viola d\u2019Amore, Viola da Gamba, Blockfl\u00f6ten und Cembalo. Das reich bebilderte CD-Buch beleuchtet in Essays von Barbara Kaiser und Klaus Lang die Hintergr\u00fcnde des Eggenberger Emblem-Programms und der neuen Komposition.<\/p>\n<p>In emblemata sonantes. composer Klaus Lang refers to the harmonically symbolic architecture of Schloss Eggenberg in Graz. In 365 bars, the music traverses the state rooms of the building. This is accompanied by nine emblems: short Latin sayings that can be found together with pictorial symbols and their moralising messages on the ceiling paintings in the palace. Klaus Lang uses historical instruments, including viola d&#8217;amore, viola da gamba, recorders and harpsichord. The richly illustrated CD book contains essays by Barbara Kaiser and Klaus Lang on the background to the Eggenberg Emblem programme and the new composition.<\/p>\n","protected":false},"featured_media":382,"template":"","meta":[],"_links":{"self":[{"href":"https:\/\/shop.arthouse.community\/index.php\/wp-json\/wp\/v2\/product\/388"}],"collection":[{"href":"https:\/\/shop.arthouse.community\/index.php\/wp-json\/wp\/v2\/product"}],"about":[{"href":"https:\/\/shop.arthouse.community\/index.php\/wp-json\/wp\/v2\/types\/product"}],"wp:featuredmedia":[{"embeddable":true,"href":"https:\/\/shop.arthouse.community\/index.php\/wp-json\/wp\/v2\/media\/382"}],"wp:attachment":[{"href":"https:\/\/shop.arthouse.community\/index.php\/wp-json\/wp\/v2\/media?parent=388"}],"curies":[{"name":"wp","href":"https:\/\/api.w.org\/{rel}","templated":true}]}}