{"id":412,"date":"2025-12-15T09:54:27","date_gmt":"2025-12-15T08:54:27","guid":{"rendered":"https:\/\/shop.arthouse.community\/?post_type=product&#038;p=412"},"modified":"2026-01-06T09:32:57","modified_gmt":"2026-01-06T08:32:57","slug":"das-verwunschene-glueck","status":"publish","type":"product","link":"https:\/\/shop.arthouse.community\/index.php\/produkt\/das-verwunschene-glueck\/","title":{"rendered":"Das verwunschene Gl\u00fcck"},"content":{"rendered":"<p>\u0100RT HOUSE 17 | Michael Hell<br \/>\nAntonio Draghi \u2022 Kaiser Leopold I.<\/p>\n<p>Johanna Rosa Falkinger, Das Gl\u00fcck | Happiness<br \/>\nSophie Daneman, Die L\u00fcge | The Lie<br \/>\nAnna Manske, Der Neid &#038; Die Vernunft | Envy &#038; Reason<br \/>\nJulian Habermann, Die Zuneigung | Affection<br \/>\nMarkus Sch\u00e4fer, Die Selbstsucht | Selfishness<br \/>\nDietrich Henschel, Der Gute Rat | Good Advice<\/p>\n<p>Michael Hell, Musikalische Leitung | Musical Director<br \/>\nAlfia Bakieva, Konzertmeisterin | Concert Master<\/p>\n<p>Jens Jamin (ORF), Aufnahmeleitung | Recording Producer<br \/>\nChristian Gorz (ORF), Tonmeister | Recording Engineer<br \/>\nJohann Steinecker STUDIOWORKS, Schnitt &#038; Master | Editing &#038; Mastering<br \/>\nThomas H\u00f6ft, Dramaturgie | Dramaturgy<br \/>\nGeorg Kroneis, Produktionsleitung | Head of Production<\/p>\n<p>Live-Aufnahme: 22. Juni 2025 | Schloss Eggenberg, Planetensaal<br \/>\nLive recording: 22nd of June 2025 | Schloss Eggenberg, Planetary Hall<\/p>\n<p>Eine Aufnahme des \u00d6sterreichischen Rundfunks | Radio \u00d6sterreich 1<\/p>\n<p>Titelbild: Die Zuneigung heiratet das Gl\u00fcck \u00a9 Nikola Milatovic<br \/>\nCover picture: Affection marries Happiness \u00a9 Nikola Milatovic<\/p>\n<p>Text: Deutsch &#038; English<\/p>\n<p>Das verwunschene Gl\u00fcck<br \/>\nProud Peacock Records \u00a9\u2117 2025 ppr03<br \/>\nwww.arthouse.community<\/p>\n<table>\n<thead>\n<tr>\n<th>#<\/th>\n<th>H\u00f6rproben<\/th>\n<\/tr>\n<\/thead>\n<tbody>\n<tr>\n<td>1<\/td>\n<td>Sonata I a otto \u2013 Heinrich Ignaz Franz Biber<br \/><audio src=\"https:\/\/shop.arthouse.community\/wp-content\/themes\/dsstore\/assets\/audio\/glueck\/01_sonata_i_a_otto_in_c.mp3\" controls=\"controls\"><\/audio><\/td>\n<\/tr>\n<tr>\n<td>2<\/td>\n<td>Den Irrweg der Sinnen<br \/><audio src=\"https:\/\/shop.arthouse.community\/wp-content\/themes\/dsstore\/assets\/audio\/glueck\/02_den_irrweg_der_sinnen_betrete_ich_nicht.mp3\" controls=\"controls\"><\/audio><\/td>\n<\/tr>\n<tr>\n<td>3<\/td>\n<td>Bleibe mir blo\u00df vom Leib<br \/><audio src=\"https:\/\/shop.arthouse.community\/wp-content\/themes\/dsstore\/assets\/audio\/glueck\/03_bleibe_mir_bloss_vom_leib.mp3\" controls=\"controls\"><\/audio><\/td>\n<\/tr>\n<tr>\n<td>4<\/td>\n<td>Saltarello \u2013 Johann Heinrich Schmelzer<br \/><audio src=\"https:\/\/shop.arthouse.community\/wp-content\/themes\/dsstore\/assets\/audio\/glueck\/04_saltarello_in_c.mp3\" controls=\"controls\"><\/audio><\/td>\n<\/tr>\n<tr>\n<td>5<\/td>\n<td>Seele, wer kann mir raten<br \/><audio src=\"https:\/\/shop.arthouse.community\/wp-content\/themes\/dsstore\/assets\/audio\/glueck\/05_seele_wer_kann_mir_raten.mp3\" controls=\"controls\"><\/audio><\/td>\n<\/tr>\n<tr>\n<td>6<\/td>\n<td>Lasse f\u00fcr dein Haupt<br \/><audio src=\"https:\/\/shop.arthouse.community\/wp-content\/themes\/dsstore\/assets\/audio\/glueck\/06_lasse_fur_dein_haupt_und_alle_glieder.mp3\" controls=\"controls\"><\/audio><\/td>\n<\/tr>\n<tr>\n<td>7<\/td>\n<td>Dein guter Rat<br \/><audio src=\"https:\/\/shop.arthouse.community\/wp-content\/themes\/dsstore\/assets\/audio\/glueck\/07_dein_guter_rat_ist_teuer_mir.mp3\" controls=\"controls\"><\/audio><\/td>\n<\/tr>\n<tr>\n<td>8<\/td>\n<td>Sonatina zur Kayserl. Serenade \u2013 J. H. Schmelzer<br \/><audio src=\"https:\/\/shop.arthouse.community\/wp-content\/themes\/dsstore\/assets\/audio\/glueck\/08_sonatina_zu_der_kayserlichen_serenade.mp3\" controls=\"controls\"><\/audio><\/td>\n<\/tr>\n<tr>\n<td>9<\/td>\n<td>Komm, Guter Wille<br \/><audio src=\"https:\/\/shop.arthouse.community\/wp-content\/themes\/dsstore\/assets\/audio\/glueck\/09_komm_guter_wille.mp3\" controls=\"controls\"><\/audio><\/td>\n<\/tr>\n<tr>\n<td>10<\/td>\n<td>H\u00f6re<br \/><audio src=\"https:\/\/shop.arthouse.community\/wp-content\/themes\/dsstore\/assets\/audio\/glueck\/10_hore.mp3\" controls=\"controls\"><\/audio><\/td>\n<\/tr>\n<tr>\n<td>11<\/td>\n<td>Andrer Wohlstand ist mir Leiden<br \/><audio src=\"https:\/\/shop.arthouse.community\/wp-content\/themes\/dsstore\/assets\/audio\/glueck\/11_andrer_wohlstand_ist_mir_leiden.mp3\" controls=\"controls\"><\/audio><\/td>\n<\/tr>\n<tr>\n<td>12<\/td>\n<td>Oh, die L\u00fcge ist da<br \/><audio src=\"https:\/\/shop.arthouse.community\/wp-content\/themes\/dsstore\/assets\/audio\/glueck\/12_oh_die_luge_ist_da.mp3\" controls=\"controls\"><\/audio><\/td>\n<\/tr>\n<tr>\n<td>13<\/td>\n<td>Lass mich alleine<br \/><audio src=\"https:\/\/shop.arthouse.community\/wp-content\/themes\/dsstore\/assets\/audio\/glueck\/13_lass_mich_alleine.mp3\" controls=\"controls\"><\/audio><\/td>\n<\/tr>\n<tr>\n<td>14<\/td>\n<td>Ciascuno ben s\u00e0<br \/><audio src=\"https:\/\/shop.arthouse.community\/wp-content\/themes\/dsstore\/assets\/audio\/glueck\/14_ciascuno_ben_sa.mp3\" controls=\"controls\"><\/audio><\/td>\n<\/tr>\n<tr>\n<td>15<\/td>\n<td>Es ist wahr<br \/><audio src=\"https:\/\/shop.arthouse.community\/wp-content\/themes\/dsstore\/assets\/audio\/glueck\/15_es_ist_wahr.mp3\" controls=\"controls\"><\/audio><\/td>\n<\/tr>\n<tr>\n<td>16<\/td>\n<td>Gigue \u2013 Johann Heinrich Schmelzer<br \/><audio src=\"https:\/\/shop.arthouse.community\/wp-content\/themes\/dsstore\/assets\/audio\/glueck\/16_gigue_in_g.mp3\" controls=\"controls\"><\/audio><\/td>\n<\/tr>\n<tr>\n<td>17<\/td>\n<td>Ach, sie wollen sich wehren?<br \/><audio src=\"https:\/\/shop.arthouse.community\/wp-content\/themes\/dsstore\/assets\/audio\/glueck\/17_ach_sie_wollen_sich_wehren.mp3\" controls=\"controls\"><\/audio><\/td>\n<\/tr>\n<tr>\n<td>18<\/td>\n<td>Wenn mich mein Blick nicht t\u00e4uscht<br \/><audio src=\"https:\/\/shop.arthouse.community\/wp-content\/themes\/dsstore\/assets\/audio\/glueck\/18_wenn_mich_mein_blick_nicht_tauscht.mp3\" controls=\"controls\"><\/audio><\/td>\n<\/tr>\n<tr>\n<td>19<\/td>\n<td>Viel Vergn\u00fcgen erteilt doch das Hoffen<br \/><audio src=\"https:\/\/shop.arthouse.community\/wp-content\/themes\/dsstore\/assets\/audio\/glueck\/19_viel_vergnugen_erteilt_doch_das_hoffen.mp3\" controls=\"controls\"><\/audio><\/td>\n<\/tr>\n<tr>\n<td>20<\/td>\n<td>Was geschieht mir<br \/><audio src=\"https:\/\/shop.arthouse.community\/wp-content\/themes\/dsstore\/assets\/audio\/glueck\/20_was_geschieht_mir.mp3\" controls=\"controls\"><\/audio><\/td>\n<\/tr>\n<tr>\n<td>21<\/td>\n<td>Nun wo Fortuna erblindet ist<br \/><audio src=\"https:\/\/shop.arthouse.community\/wp-content\/themes\/dsstore\/assets\/audio\/glueck\/21_nun_wo_fortuna_erblindet_ist.mp3\" controls=\"controls\"><\/audio><\/td>\n<\/tr>\n<tr>\n<td>22<\/td>\n<td>O arme Tugend du<br \/><audio src=\"https:\/\/shop.arthouse.community\/wp-content\/themes\/dsstore\/assets\/audio\/glueck\/22_o_arme_tugend_du.mp3\" controls=\"controls\"><\/audio><\/td>\n<\/tr>\n<tr>\n<td>23<\/td>\n<td>Nur zu, nur zu, nur zu<br \/><audio src=\"https:\/\/shop.arthouse.community\/wp-content\/themes\/dsstore\/assets\/audio\/glueck\/23_nur_zu_nur_zu_nur_zu.mp3\" controls=\"controls\"><\/audio><\/td>\n<\/tr>\n<tr>\n<td>24<\/td>\n<td>Aria 3 \u2013 Johann Heinrich Schmelzer<br \/><audio src=\"https:\/\/shop.arthouse.community\/wp-content\/themes\/dsstore\/assets\/audio\/glueck\/24_aria_3_in_d.mp3\" controls=\"controls\"><\/audio><\/td>\n<\/tr>\n<tr>\n<td>25<\/td>\n<td>Die nicht sehen \u2013 Kaiser Leopold I.<br \/><audio src=\"https:\/\/shop.arthouse.community\/wp-content\/themes\/dsstore\/assets\/audio\/glueck\/25_die_nicht_sehen_nicht_vertrauen.mp3\" controls=\"controls\"><\/audio><\/td>\n<\/tr>\n<tr>\n<td>26<\/td>\n<td>Hab\u2019 ich nur Jupiter auf meiner Seite<br \/><audio src=\"https:\/\/shop.arthouse.community\/wp-content\/themes\/dsstore\/assets\/audio\/glueck\/26_hab_ich_nur_jupiter_auf_meiner_seite.mp3\" controls=\"controls\"><\/audio><\/td>\n<\/tr>\n<tr>\n<td>27<\/td>\n<td>Ja, so beginnet<br \/><audio src=\"https:\/\/shop.arthouse.community\/wp-content\/themes\/dsstore\/assets\/audio\/glueck\/27_ja_so_beginnet.mp3\" controls=\"controls\"><\/audio><\/td>\n<\/tr>\n<tr>\n<td>28<\/td>\n<td>Sonata enharmonica \u2013 G. Valentini<br \/><audio src=\"https:\/\/shop.arthouse.community\/wp-content\/themes\/dsstore\/assets\/audio\/glueck\/28_aus_sonata_enharmonica_a_5_in_g.mp3\" controls=\"controls\"><\/audio><\/td>\n<\/tr>\n<tr>\n<td>29<\/td>\n<td>Gi\u00e0 di tardanza<br \/><audio src=\"https:\/\/shop.arthouse.community\/wp-content\/themes\/dsstore\/assets\/audio\/glueck\/29_gia_di_tardanza.mp3\" controls=\"controls\"><\/audio><\/td>\n<\/tr>\n<tr>\n<td>30<\/td>\n<td>Nicht alleine<br \/><audio src=\"https:\/\/shop.arthouse.community\/wp-content\/themes\/dsstore\/assets\/audio\/glueck\/30_nicht_alleine.mp3\" controls=\"controls\"><\/audio><\/td>\n<\/tr>\n<tr>\n<td>31<\/td>\n<td>Tante frodi<br \/><audio src=\"https:\/\/shop.arthouse.community\/wp-content\/themes\/dsstore\/assets\/audio\/glueck\/31_tante_frodi.mp3\" controls=\"controls\"><\/audio><\/td>\n<\/tr>\n<tr>\n<td>32<\/td>\n<td>Ja, so hat zu jeder Zeit<br \/><audio src=\"https:\/\/shop.arthouse.community\/wp-content\/themes\/dsstore\/assets\/audio\/glueck\/32_ja_so_hat_zu_jeder_zeit.mp3\" controls=\"controls\"><\/audio><\/td>\n<\/tr>\n<tr>\n<td>33<\/td>\n<td>Fechtschul Aria 1 \u2013 J. H. Schmelzer<br \/><audio src=\"https:\/\/shop.arthouse.community\/wp-content\/themes\/dsstore\/assets\/audio\/glueck\/33_fechtschul_aria_1_in_g.mp3\" controls=\"controls\"><\/audio><\/td>\n<\/tr>\n<tr>\n<td>34<\/td>\n<td>Monster, verschwindet<br \/><audio src=\"https:\/\/shop.arthouse.community\/wp-content\/themes\/dsstore\/assets\/audio\/glueck\/34_monster_verschwindet.mp3\" controls=\"controls\"><\/audio><\/td>\n<\/tr>\n<tr>\n<td>35<\/td>\n<td>Wo die Zauber gel\u00f6st sind<br \/><audio src=\"https:\/\/shop.arthouse.community\/wp-content\/themes\/dsstore\/assets\/audio\/glueck\/35_wo_die_zauber_gelost_sind.mp3\" controls=\"controls\"><\/audio><\/td>\n<\/tr>\n<tr>\n<td>36<\/td>\n<td>H\u00f6chst erhabenes Brautpaar<br \/><audio src=\"https:\/\/shop.arthouse.community\/wp-content\/themes\/dsstore\/assets\/audio\/glueck\/36_hochst_erhabenes_brautpaar.mp3\" controls=\"controls\"><\/audio><\/td>\n<\/tr>\n<tr>\n<td>37<\/td>\n<td>Goldene Sph\u00e4ren<br \/><audio src=\"https:\/\/shop.arthouse.community\/wp-content\/themes\/dsstore\/assets\/audio\/glueck\/37_goldene_spharen.mp3\" controls=\"controls\"><\/audio><\/td>\n<\/tr>\n<tr>\n<td>38<\/td>\n<td>Ciaccona a 7 \u2013 Philipp Jacob Rittler<br \/><audio src=\"https:\/\/shop.arthouse.community\/wp-content\/themes\/dsstore\/assets\/audio\/glueck\/38_ciaccona_a_7_in_c.mp3\" controls=\"controls\"><\/audio><\/td>\n<\/tr>\n<\/tbody>\n<\/table>\n","protected":false},"excerpt":{"rendered":"<p>Die Hochzeit zwischen Kaiser Leopold I. und Claudia Felicitas von Tirol im Jahr 1673 war wahrscheinlich das bedeutsamste Ereignis, das bisher im steierm\u00e4rkischen Graz stattfand. Zum spektakul\u00e4ren Fest komponierte Antonio Draghi seine anspielungsreiche Oper Gl\u2019incantesimi Disciolti. \u0100RT HOUSE 17 pr\u00e4sentiert als Ersteinspielung eine Rekonstruktion der Partitur von Michael Hell, deren Libretto Thomas H\u00f6ft nach der historischen \u00dcbersetzung ins Deutsche \u00fcbertragen hat. Ballettmusiken von Schmelzer, Biber und Rittler erg\u00e4nzen die Produktion, die im UNESCO-Welterbe Schloss Eggenberg eingespielt wurde. Das reich bebilderte Album bietet mit Essays auf Deutsch und Englisch einen umfassenden Einblick in Hintergr\u00fcnde und Historie.<\/p>\n<p>The wedding between Emperor Leopold I and Claudia Felicitas of Tyrol in 1673 was probably the most significant event ever to take place in Graz, Styria. Antonio Draghi composed his allusive opera Gl&#8217;incantesimi Disciolti for the spectacular celebration. \u0100RT HOUSE 17 presents the first recording of a reconstruction of the score by Michael Hell. Translated into German by Thomas H\u00f6ft based on the historical translation of the libretto. Ballet music by Schmelzer, Biber, and Rittler complements the production, which was recorded at the UNESCO World Heritage Site Schloss Eggenberg. The richly illustrated CD album offers essays in German and English, providing comprehensive insight into the background and history.<\/p>\n","protected":false},"featured_media":414,"template":"","meta":[],"_links":{"self":[{"href":"https:\/\/shop.arthouse.community\/index.php\/wp-json\/wp\/v2\/product\/412"}],"collection":[{"href":"https:\/\/shop.arthouse.community\/index.php\/wp-json\/wp\/v2\/product"}],"about":[{"href":"https:\/\/shop.arthouse.community\/index.php\/wp-json\/wp\/v2\/types\/product"}],"wp:featuredmedia":[{"embeddable":true,"href":"https:\/\/shop.arthouse.community\/index.php\/wp-json\/wp\/v2\/media\/414"}],"wp:attachment":[{"href":"https:\/\/shop.arthouse.community\/index.php\/wp-json\/wp\/v2\/media?parent=412"}],"curies":[{"name":"wp","href":"https:\/\/api.w.org\/{rel}","templated":true}]}}